{"id":161,"date":"2021-06-04T09:39:56","date_gmt":"2021-06-04T07:39:56","guid":{"rendered":"https:\/\/www.developersprojects.com\/projects\/g4\/alistair\/wp\/?page_id=161"},"modified":"2022-06-22T12:20:42","modified_gmt":"2022-06-22T10:20:42","slug":"imprint","status":"publish","type":"page","link":"https:\/\/www.alistair-legal.de\/en\/imprint\/","title":{"rendered":"Imprint"},"content":{"rendered":"\n<h2 class=\"wp-block-heading\">ALISTAIR Legal<\/h2>\n\n\n\n<p>Potsdamer Stra\u00dfe 72<br>10785 Berlin<\/p>\n\n\n\n<h2 class=\"wp-block-heading\">Information according to \u00a7 5 German Telemedia Act (TMG) and \u00a7 2 Ordinance on Information Duties for Service Providers (DL-Info)<\/h2>\n\n\n\n<p>Name: ALISTAIR Legal, owner Dr. Ralf Vogt<br>Location and address (including email addresses): see above<\/p>\n\n\n\n<p><strong>Editor in charge:<\/strong><br>Dr. Ralf Vogt<\/p>\n\n\n\n<h2 class=\"wp-block-heading\">Contact<\/h2>\n\n\n\n<p><strong>Phone:<\/strong> <a href=\"tel:+030577144610\">+ 030\/ 57714461 -0<\/a><br><strong>Fax:<\/strong> <a href=\"fax:+030577144619\">+ 030\/ 57714461 -9<\/a><br><strong>E-Mail:<\/strong> <a href=\"mailto:kontakt@alistair-legal.de\">kontakt@alistair-legal.de<\/a><\/p>\n\n\n\n<h2 class=\"wp-block-heading\">Relevant chamber of lawyers<\/h2>\n\n\n\n<p>Our lawyers are admitted to the bar in the Federal Republic of Germany and are members of the Berlin Bar Association.<\/p>\n\n\n\n<h2 class=\"wp-block-heading\">Professional regulations<\/h2>\n\n\n\n<p>Our lawyers are subject to the following professional regulations: <br> Federal Lawyers&#8217; Act (Bundesrechtsanwaltsordnung BRAO), <br> the Federal Lawyers&#8217; Code of Conduct (Berufsordnung f\u00fcr Rechtsanw\u00e4lte BORA), <br> the Law on the Remuneration of Lawyers (Gesetz \u00fcber die Verg\u00fctung der Rechtsanw\u00e4ltinnen und Rechtsanw\u00e4lte RVG), <br> the Specialist Lawyers&#8217; Regulations (Fachanwaltsordnung FAO), <br> the Act on the Activities of European Attorneys in Germany (Gesetz \u00fcber die T\u00e4tigkeit europ\u00e4ischer Rechtsanw\u00e4lte in Deutschland EuRAG), <br> Legal Regulations for Attorneys-at-Law in the European Union (Berufsregeln der Rechtsanw\u00e4lte der Europ\u00e4ischen Union CCBE-Berufsregeln), Professional Supplements to the Anti-Money Laundering Act (Berufsrechtliche Erg\u00e4nzungen zum Geldw\u00e4schebek\u00e4mpfungsgesetz GwG). <br> The relevant regulations can be viewed on the website of the Federal Bar Association (www.brak.de) under the heading &#8220;Berufsrecht&#8221;. (https:\/\/brak.de\/fuer-anwaelte\/berufsrecht\/).<br> professional liability insurance <br> ALISTAIR Legal maintains professional liability insurance with the ERGO Versicherung AG, Victoriaplatz 1, 40477 D\u00fcsseldorf. <br> Territorial scope: Europe. <\/p>\n\n\n\n<h2 class=\"wp-block-heading\">Extrajudicial dispute conciliation<\/h2>\n\n\n\n<p>In the event of disputes between lawyers and their clients, there is the possibility of out-of-court dispute resolution upon request at the regional Bar Association (Rauchstra\u00dfe 26, 10787 Berlin; website: www.schlichtungsstelle-der-rechtsanwaltschaft.de) or at the Arbitration Board of the Bar at the Federal Bar Association. The Federal Bar Association can be found on the internet via the website of the Federal Bar Association (<a href=\"https:\/\/www.brak.de\/\" target=\"_blank\" rel=\"noreferrer noopener\">www.brak.de<\/a>), E-Mail: <a href=\"mailto:schlichtungsstelle@brak.de\">schlichtungsstelle@brak.de<\/a>. <br> ALISTAIR Legal participates in dispute resolution proceedings before a consumer arbitration board, in particular the arbitration board of the legal profession. <\/p>\n\n\n\n<h2 class=\"wp-block-heading\">Copyright<\/h2>\n\n\n\n<p>ALISTAIR Legal is the owner of the copyright and the rights of use, performance protection and other rights to the content of this website or parts thereof.<\/p>\n","protected":false},"excerpt":{"rendered":"<p>ALISTAIR Legal Potsdamer Stra\u00dfe 7210785 Berlin Information according to \u00a7 5 German Telemedia Act (TMG) and \u00a7 2 Ordinance on Information Duties for Service Providers (DL-Info) Name: ALISTAIR Legal, owner Dr. Ralf VogtLocation and address (including email addresses): see above Editor in charge:Dr. Ralf Vogt Contact Phone: + 030\/ 57714461 -0Fax: + 030\/ 57714461 -9E-Mail:&hellip; <a class=\"more-link\" href=\"https:\/\/www.alistair-legal.de\/en\/imprint\/\">Continue reading <span class=\"screen-reader-text\">Imprint<\/span><\/a><\/p>\n","protected":false},"author":1,"featured_media":0,"parent":0,"menu_order":0,"comment_status":"closed","ping_status":"closed","template":"template\/page-privacy.php","meta":{"_acf_changed":false,"footnotes":""},"class_list":["post-161","page","type-page","status-publish","hentry","entry"],"acf":[],"yoast_head":"<!-- This site is optimized with the Yoast SEO plugin v24.5 - https:\/\/yoast.com\/wordpress\/plugins\/seo\/ -->\n<title>Imprint - Alistair<\/title>\n<meta name=\"robots\" content=\"index, follow, max-snippet:-1, max-image-preview:large, max-video-preview:-1\" \/>\n<link rel=\"canonical\" href=\"https:\/\/www.alistair-legal.de\/en\/imprint\/\" \/>\n<meta property=\"og:locale\" content=\"en_US\" \/>\n<meta property=\"og:type\" content=\"article\" \/>\n<meta property=\"og:title\" content=\"Imprint - Alistair\" \/>\n<meta property=\"og:description\" content=\"ALISTAIR Legal Potsdamer Stra\u00dfe 7210785 Berlin Information according to \u00a7 5 German Telemedia Act (TMG) and \u00a7 2 Ordinance on Information Duties for Service Providers (DL-Info) Name: ALISTAIR Legal, owner Dr. Ralf VogtLocation and address (including email addresses): see above Editor in charge:Dr. Ralf Vogt Contact Phone: + 030\/ 57714461 -0Fax: + 030\/ 57714461 -9E-Mail:&hellip; Continue reading Imprint\" \/>\n<meta property=\"og:url\" content=\"https:\/\/www.alistair-legal.de\/en\/imprint\/\" \/>\n<meta property=\"og:site_name\" content=\"Alistair\" \/>\n<meta property=\"article:modified_time\" content=\"2022-06-22T10:20:42+00:00\" \/>\n<meta name=\"twitter:card\" content=\"summary_large_image\" \/>\n<meta name=\"twitter:label1\" content=\"Est. reading time\" \/>\n\t<meta name=\"twitter:data1\" content=\"2 minutes\" \/>\n<script type=\"application\/ld+json\" class=\"yoast-schema-graph\">{\"@context\":\"https:\/\/schema.org\",\"@graph\":[{\"@type\":\"WebPage\",\"@id\":\"https:\/\/www.alistair-legal.de\/en\/imprint\/\",\"url\":\"https:\/\/www.alistair-legal.de\/en\/imprint\/\",\"name\":\"Imprint - Alistair\",\"isPartOf\":{\"@id\":\"https:\/\/www.alistair-legal.de\/en\/#website\"},\"datePublished\":\"2021-06-04T07:39:56+00:00\",\"dateModified\":\"2022-06-22T10:20:42+00:00\",\"breadcrumb\":{\"@id\":\"https:\/\/www.alistair-legal.de\/en\/imprint\/#breadcrumb\"},\"inLanguage\":\"en-US\",\"potentialAction\":[{\"@type\":\"ReadAction\",\"target\":[\"https:\/\/www.alistair-legal.de\/en\/imprint\/\"]}]},{\"@type\":\"BreadcrumbList\",\"@id\":\"https:\/\/www.alistair-legal.de\/en\/imprint\/#breadcrumb\",\"itemListElement\":[{\"@type\":\"ListItem\",\"position\":1,\"name\":\"Home\",\"item\":\"https:\/\/www.alistair-legal.de\/en\/alistair-legal\/\"},{\"@type\":\"ListItem\",\"position\":2,\"name\":\"Imprint\"}]},{\"@type\":\"WebSite\",\"@id\":\"https:\/\/www.alistair-legal.de\/en\/#website\",\"url\":\"https:\/\/www.alistair-legal.de\/en\/\",\"name\":\"Alistair\",\"description\":\"\",\"potentialAction\":[{\"@type\":\"SearchAction\",\"target\":{\"@type\":\"EntryPoint\",\"urlTemplate\":\"https:\/\/www.alistair-legal.de\/en\/?s={search_term_string}\"},\"query-input\":{\"@type\":\"PropertyValueSpecification\",\"valueRequired\":true,\"valueName\":\"search_term_string\"}}],\"inLanguage\":\"en-US\"}]}<\/script>\n<!-- \/ Yoast SEO plugin. -->","yoast_head_json":{"title":"Imprint - Alistair","robots":{"index":"index","follow":"follow","max-snippet":"max-snippet:-1","max-image-preview":"max-image-preview:large","max-video-preview":"max-video-preview:-1"},"canonical":"https:\/\/www.alistair-legal.de\/en\/imprint\/","og_locale":"en_US","og_type":"article","og_title":"Imprint - Alistair","og_description":"ALISTAIR Legal Potsdamer Stra\u00dfe 7210785 Berlin Information according to \u00a7 5 German Telemedia Act (TMG) and \u00a7 2 Ordinance on Information Duties for Service Providers (DL-Info) Name: ALISTAIR Legal, owner Dr. Ralf VogtLocation and address (including email addresses): see above Editor in charge:Dr. Ralf Vogt Contact Phone: + 030\/ 57714461 -0Fax: + 030\/ 57714461 -9E-Mail:&hellip; Continue reading Imprint","og_url":"https:\/\/www.alistair-legal.de\/en\/imprint\/","og_site_name":"Alistair","article_modified_time":"2022-06-22T10:20:42+00:00","twitter_card":"summary_large_image","twitter_misc":{"Est. reading time":"2 minutes"},"schema":{"@context":"https:\/\/schema.org","@graph":[{"@type":"WebPage","@id":"https:\/\/www.alistair-legal.de\/en\/imprint\/","url":"https:\/\/www.alistair-legal.de\/en\/imprint\/","name":"Imprint - Alistair","isPartOf":{"@id":"https:\/\/www.alistair-legal.de\/en\/#website"},"datePublished":"2021-06-04T07:39:56+00:00","dateModified":"2022-06-22T10:20:42+00:00","breadcrumb":{"@id":"https:\/\/www.alistair-legal.de\/en\/imprint\/#breadcrumb"},"inLanguage":"en-US","potentialAction":[{"@type":"ReadAction","target":["https:\/\/www.alistair-legal.de\/en\/imprint\/"]}]},{"@type":"BreadcrumbList","@id":"https:\/\/www.alistair-legal.de\/en\/imprint\/#breadcrumb","itemListElement":[{"@type":"ListItem","position":1,"name":"Home","item":"https:\/\/www.alistair-legal.de\/en\/alistair-legal\/"},{"@type":"ListItem","position":2,"name":"Imprint"}]},{"@type":"WebSite","@id":"https:\/\/www.alistair-legal.de\/en\/#website","url":"https:\/\/www.alistair-legal.de\/en\/","name":"Alistair","description":"","potentialAction":[{"@type":"SearchAction","target":{"@type":"EntryPoint","urlTemplate":"https:\/\/www.alistair-legal.de\/en\/?s={search_term_string}"},"query-input":{"@type":"PropertyValueSpecification","valueRequired":true,"valueName":"search_term_string"}}],"inLanguage":"en-US"}]}},"_links":{"self":[{"href":"https:\/\/www.alistair-legal.de\/en\/wp-json\/wp\/v2\/pages\/161","targetHints":{"allow":["GET"]}}],"collection":[{"href":"https:\/\/www.alistair-legal.de\/en\/wp-json\/wp\/v2\/pages"}],"about":[{"href":"https:\/\/www.alistair-legal.de\/en\/wp-json\/wp\/v2\/types\/page"}],"author":[{"embeddable":true,"href":"https:\/\/www.alistair-legal.de\/en\/wp-json\/wp\/v2\/users\/1"}],"replies":[{"embeddable":true,"href":"https:\/\/www.alistair-legal.de\/en\/wp-json\/wp\/v2\/comments?post=161"}],"version-history":[{"count":7,"href":"https:\/\/www.alistair-legal.de\/en\/wp-json\/wp\/v2\/pages\/161\/revisions"}],"predecessor-version":[{"id":735,"href":"https:\/\/www.alistair-legal.de\/en\/wp-json\/wp\/v2\/pages\/161\/revisions\/735"}],"wp:attachment":[{"href":"https:\/\/www.alistair-legal.de\/en\/wp-json\/wp\/v2\/media?parent=161"}],"curies":[{"name":"wp","href":"https:\/\/api.w.org\/{rel}","templated":true}]}}